{"id":7094,"date":"2025-08-11T16:14:09","date_gmt":"2025-08-11T19:14:09","guid":{"rendered":"https:\/\/skynova.com.br\/microsoft-365\/"},"modified":"2025-09-29T18:04:14","modified_gmt":"2025-09-29T21:04:14","slug":"microsoft-365","status":"publish","type":"page","link":"https:\/\/skynova.com.br\/es\/microsoft-365\/","title":{"rendered":"Microsoft 365"},"content":{"rendered":"<section class=\"l-section wpb_row us_custom_1a65cf9f height_auto\"><div class=\"l-section-h i-cf\"><div class=\"g-cols vc_row via_grid cols_1 laptops-cols_inherit tablets-cols_inherit mobiles-cols_1 valign_top type_default stacking_default\"><div class=\"wpb_column vc_column_container\"><div class=\"vc_column-inner\"><div class=\"g-cols wpb_row via_grid cols_2 laptops-cols_inherit tablets-cols_inherit mobiles-cols_1 valign_middle type_default stacking_default\" style=\"--columns-gap:1.5rem;\"><div class=\"wpb_column vc_column_container\"><div class=\"vc_column-inner\"><div class=\"wpb_text_column\"><div class=\"wpb_wrapper\"><h1><span style=\"color: #263570;\">Microsoft<\/span> 365 <span style=\"color: #263570;\">Skynova<\/span><\/h1>\n<\/div><\/div><div class=\"wpb_text_column\"><div class=\"wpb_wrapper\"><p>Plataforma completa de productividad, gobernanza y seguridad para empresas modernas.<\/p>\n<\/div><\/div><div class=\"wpb_text_column us_custom_4c04a15f\"><div class=\"wpb_wrapper\"><p><strong>\u00a1Descubre c\u00f3mo transformar tu negocio con Microsoft 365 y Skynova!<\/strong><\/p>\n<\/div><\/div><div class=\"w-btn-wrapper default_align_none laptops_align_none tablets_align_none mobiles_align_justify\"><a class=\"w-btn us-btn-style_1 btn-azul\" href=\"https:\/\/skynova.com.br\/es\/servicio\/?f=1#section-forms\"><span class=\"w-btn-label\">HABLE CON UN EXPERTO<\/span><\/a><\/div><\/div><\/div><div class=\"wpb_column vc_column_container\"><div class=\"vc_column-inner\"><div class=\"w-image align_center\"><div class=\"w-image-h\"><img decoding=\"async\" width=\"844\" height=\"760\" src=\"https:\/\/skynova.com.br\/wp-content\/uploads\/2025\/08\/banner-vertical-office-1-1.webp\" class=\"attachment-full size-full\" alt=\"\" loading=\"lazy\" srcset=\"https:\/\/skynova.com.br\/wp-content\/uploads\/2025\/08\/banner-vertical-office-1-1.webp 844w, https:\/\/skynova.com.br\/wp-content\/uploads\/2025\/08\/banner-vertical-office-1-1-300x270.webp 300w, https:\/\/skynova.com.br\/wp-content\/uploads\/2025\/08\/banner-vertical-office-1-1-50x45.webp 50w\" sizes=\"auto, (max-width: 844px) 100vw, 844px\" \/><\/div><\/div><\/div><\/div><\/div><\/div><\/div><\/div><\/div><\/section><section class=\"l-section wpb_row us_custom_b271bed0 height_auto\"><div class=\"l-section-h i-cf\"><div class=\"g-cols vc_row via_grid cols_1 laptops-cols_inherit tablets-cols_inherit mobiles-cols_1 valign_top type_default stacking_default\"><div class=\"wpb_column vc_column_container us_custom_af6a9b6a\"><div class=\"vc_column-inner\"><div class=\"g-cols wpb_row us_custom_f2eec366 via_grid cols_2 laptops-cols_inherit tablets-cols_inherit mobiles-cols_1 valign_middle type_default stacking_default\" style=\"--columns-gap:3rem;\"><div class=\"wpb_column vc_column_container us_custom_2954c8b2 has_bg_color\"><div class=\"vc_column-inner\"><\/div><\/div><div class=\"wpb_column vc_column_container\"><div class=\"vc_column-inner\"><div class=\"wpb_text_column us_custom_f2eec366\"><div class=\"wpb_wrapper\"><h2>Expertos en <span style=\"color: #263570;\">Microsoft 365<\/span><\/h2>\n<\/div><\/div><div class=\"wpb_text_column\"><div class=\"wpb_wrapper\"><p>Skynova se especializa en soluciones Microsoft 365, con m\u00e1s de 13 a\u00f1os de experiencia en el mercado y una s\u00f3lida colaboraci\u00f3n de 10 a\u00f1os con Microsoft. Ofrecemos Microsoft 365 como una plataforma integral de productividad, gobernanza y seguridad, dise\u00f1ada para transformar la forma en que su empresa colabora, se comunica y protege sus datos. <\/p>\n<p>Nuestra experiencia garantiza que su organizaci\u00f3n aproveche todo el potencial de Microsoft 365, desde la implementaci\u00f3n hasta la evoluci\u00f3n continua de la plataforma, centr\u00e1ndose siempre en la seguridad, la productividad y el retorno de la inversi\u00f3n.<\/p>\n<\/div><\/div><div class=\"wpb_text_column us_custom_f2eec366\"><div class=\"wpb_wrapper\"><h5>Nuestra asociaci\u00f3n con Microsoft<\/h5>\n<\/div><\/div><div class=\"w-iconbox us_custom_8699e981 iconpos_left style_default color_primary align_left no_text\"><div class=\"w-iconbox-icon\" style=\"font-size:1rem;\"><i class=\"far fa-check-circle\"><\/i><\/div><div class=\"w-iconbox-meta\"><p class=\"w-iconbox-title\" style=\"font-size:1rem;\">M\u00e1s de 13 a\u00f1os de experiencia en el mercado<\/p><\/div><\/div><div class=\"w-iconbox us_custom_8699e981 iconpos_left style_default color_primary align_left no_text\"><div class=\"w-iconbox-icon\" style=\"font-size:1rem;\"><i class=\"far fa-check-circle\"><\/i><\/div><div class=\"w-iconbox-meta\"><p class=\"w-iconbox-title\" style=\"font-size:1rem;\">Profesionales certificados por Microsoft<\/p><\/div><\/div><div class=\"w-iconbox us_custom_8699e981 iconpos_left style_default color_primary align_left no_text\"><div class=\"w-iconbox-icon\" style=\"font-size:1rem;\"><i class=\"far fa-check-circle\"><\/i><\/div><div class=\"w-iconbox-meta\"><p class=\"w-iconbox-title\" style=\"font-size:1rem;\">Implementaci\u00f3n siguiendo las mejores pr\u00e1cticas de Microsoft<\/p><\/div><\/div><div class=\"w-iconbox us_custom_8699e981 iconpos_left style_default color_primary align_left no_text\"><div class=\"w-iconbox-icon\" style=\"font-size:1rem;\"><i class=\"far fa-check-circle\"><\/i><\/div><div class=\"w-iconbox-meta\"><p class=\"w-iconbox-title\" style=\"font-size:1rem;\">10 a\u00f1os de asociaci\u00f3n estrat\u00e9gica con Microsoft<\/p><\/div><\/div><div class=\"w-iconbox us_custom_8699e981 iconpos_left style_default color_primary align_left no_text\"><div class=\"w-iconbox-icon\" style=\"font-size:1rem;\"><i class=\"far fa-check-circle\"><\/i><\/div><div class=\"w-iconbox-meta\"><p class=\"w-iconbox-title\" style=\"font-size:1rem;\">Soporte t\u00e9cnico nacional especializado<\/p><\/div><\/div><\/div><\/div><\/div><\/div><\/div><div class=\"wpb_column vc_column_container us_custom_796365fc\"><div class=\"vc_column-inner\"><div class=\"g-cols wpb_row us_custom_4f24afa8 via_grid cols_2 laptops-cols_inherit tablets-cols_inherit mobiles-cols_1 valign_middle type_default stacking_default\" style=\"--columns-gap:3rem;\"><div class=\"wpb_column vc_column_container\"><div class=\"vc_column-inner\"><div class=\"wpb_text_column us_custom_f2eec366\"><div class=\"wpb_wrapper\"><h2>Tipos de <span style=\"color: #263570;\">implementaciones<\/span><\/h2>\n<\/div><\/div><div class=\"wpb_text_column\"><div class=\"wpb_wrapper\"><p>Adem\u00e1s de las caracter\u00edsticas est\u00e1ndar de Microsoft 365, ofrecemos capacidades avanzadas que mejoran la seguridad, la gobernanza y la productividad de su organizaci\u00f3n.<\/p>\n<\/div><\/div><div class=\"w-iconbox us_custom_d4bfa4e7 iconpos_left style_default color_secondary align_left\"><div class=\"w-iconbox-icon\" style=\"font-size:1rem;\"><i class=\"far fa-server\"><\/i><\/div><div class=\"w-iconbox-meta\"><h3 class=\"w-iconbox-title\" style=\"font-size:1rem;\">Gobernanza de datos<\/h3><div class=\"w-iconbox-text\"><p>Control de acceso, clasificaci\u00f3n, trazabilidad y seguridad para un uso responsable de la IA empresarial.<\/p>\n<\/div><\/div><\/div><div class=\"w-iconbox us_custom_a98469b4 iconpos_left style_default color_secondary align_left\"><div class=\"w-iconbox-icon\" style=\"font-size:1rem;\"><i class=\"far fa-database\"><\/i><\/div><div class=\"w-iconbox-meta\"><h3 class=\"w-iconbox-title\" style=\"font-size:1rem;\">Copia de seguridad en M365<\/h3><div class=\"w-iconbox-text\"><p>Copia de seguridad segura y r\u00e1pida con m\u00faltiples redundancias y espacio de almacenamiento ilimitado.<\/p>\n<\/div><\/div><\/div><div class=\"w-iconbox us_custom_a98469b4 iconpos_left style_default color_secondary align_left\"><div class=\"w-iconbox-icon\" style=\"font-size:1rem;\"><i class=\"far fa-phone-laptop\"><\/i><\/div><div class=\"w-iconbox-meta\"><h3 class=\"w-iconbox-title\" style=\"font-size:1rem;\">Administraci\u00f3n de dispositivos<\/h3><div class=\"w-iconbox-text\"><p>Inventario completo, pol\u00edticas de acceso, soporte BYOD y capacidad de borrado remoto.<\/p>\n<\/div><\/div><\/div><div class=\"w-iconbox us_custom_a98469b4 iconpos_left style_default color_secondary align_left\"><div class=\"w-iconbox-icon\" style=\"font-size:1rem;\"><i class=\"far fa-server\"><\/i><\/div><div class=\"w-iconbox-meta\"><h3 class=\"w-iconbox-title\" style=\"font-size:1rem;\">Gesti\u00f3n de identidad<\/h3><div class=\"w-iconbox-text\"><p>Autenticaci\u00f3n de dos factores, acceso seguro mediante biometr\u00eda\/token y detecci\u00f3n proactiva de acceso sospechoso.<\/p>\n<\/div><\/div><\/div><div class=\"w-iconbox us_custom_a98469b4 iconpos_left style_default color_secondary align_left\"><div class=\"w-iconbox-icon\" style=\"font-size:1rem;\"><i class=\"far fa-server\"><\/i><\/div><div class=\"w-iconbox-meta\"><h3 class=\"w-iconbox-title\" style=\"font-size:1rem;\">Colaboraci\u00f3n en la nube<\/h3><div class=\"w-iconbox-text\"><p>Centro central para comunicaci\u00f3n, reuniones, colaboraci\u00f3n en equipo e integraci\u00f3n con aplicaciones empresariales.<\/p>\n<\/div><\/div><\/div><div class=\"w-iconbox us_custom_a98469b4 iconpos_left style_default color_secondary align_left\"><div class=\"w-iconbox-icon\" style=\"font-size:1rem;\"><i class=\"far fa-bolt\"><\/i><\/div><div class=\"w-iconbox-meta\"><h3 class=\"w-iconbox-title\" style=\"font-size:1rem;\">Copiloto de IA<\/h3><div class=\"w-iconbox-text\"><p>Asistente inteligente integrado que aumenta la productividad con capacidades de inteligencia artificial.<\/p>\n<\/div><\/div><\/div><\/div><\/div><div class=\"wpb_column vc_column_container us_custom_a4b9c8eb has_bg_color\"><div class=\"vc_column-inner\"><\/div><\/div><\/div><\/div><\/div><div class=\"wpb_column vc_column_container\"><div class=\"vc_column-inner\"><div class=\"wpb_text_column us_custom_2682162b\"><div class=\"wpb_wrapper\"><h2>\u00bfOpciones de <span style=\"color: #263570;\">servicio<\/span>?<\/h2>\n<\/div><\/div><div class=\"wpb_text_column us_custom_ac62a090 has_text_color\"><div class=\"wpb_wrapper\"><p>Nuestro conjunto integral de servicios de Microsoft 365 garantiza que su empresa cuente con soporte experto en cada etapa, desde la implementaci\u00f3n hasta la operaci\u00f3n y la evoluci\u00f3n continua de la plataforma.<\/p>\n<\/div><\/div><div class=\"g-cols wpb_row via_grid cols_2 laptops-cols_inherit tablets-cols_inherit mobiles-cols_1 valign_top type_default stacking_default\" style=\"--columns-gap:1.5rem;\"><div class=\"wpb_column vc_column_container\"><div class=\"vc_column-inner\"><div class=\"w-vwrapper align_none valign_top\" style=\"--vwrapper-gap:1.1rem\"><div class=\"w-iconbox us_custom_d4bfa4e7 iconpos_left style_default color_secondary align_left\"><div class=\"w-iconbox-icon\" style=\"font-size:1rem;\"><i class=\"far fa-server\"><\/i><\/div><div class=\"w-iconbox-meta\"><h3 class=\"w-iconbox-title\" style=\"font-size:1rem;\">Servicios gestionados de M365<\/h3><div class=\"w-iconbox-text\"><p>Implementaci\u00f3n completa, soporte t\u00e9cnico especializado y mantenimiento continuo de la plataforma Microsoft 365.<\/p>\n<\/div><\/div><\/div><div class=\"w-iconbox us_custom_7374bb48 iconpos_left style_default color_secondary align_left\"><div class=\"w-iconbox-icon\" style=\"font-size:1rem;\"><i class=\"far fa-laptop-code\"><\/i><\/div><div class=\"w-iconbox-meta\"><h3 class=\"w-iconbox-title\" style=\"font-size:1rem;\">Implementaci\u00f3n y Proyectos<\/h3><div class=\"w-iconbox-text\"><p>Ejecuci\u00f3n de proyectos con profesionales certificados por Microsoft siguiendo las mejores pr\u00e1cticas.<\/p>\n<\/div><\/div><\/div><\/div><\/div><\/div><div class=\"wpb_column vc_column_container\"><div class=\"vc_column-inner\"><div class=\"w-vwrapper align_none valign_top\" style=\"--vwrapper-gap:1rem\"><div class=\"w-iconbox us_custom_d4bfa4e7 iconpos_left style_default color_secondary align_left\"><div class=\"w-iconbox-icon\" style=\"font-size:1rem;\"><i class=\"far fa-user-headset\"><\/i><\/div><div class=\"w-iconbox-meta\"><h3 class=\"w-iconbox-title\" style=\"font-size:1rem;\">Soporte avanzado para M365<\/h3><div class=\"w-iconbox-text\"><p>Soporte especializado con priorizaci\u00f3n de llamadas en el fabricante y experiencia en cargas de trabajo de mensajer\u00eda y colaboraci\u00f3n.<\/p>\n<\/div><\/div><\/div><div class=\"w-iconbox us_custom_7374bb48 iconpos_left style_default color_secondary align_left\"><div class=\"w-iconbox-icon\" style=\"font-size:1rem;\"><i class=\"far fa-tasks\"><\/i><\/div><div class=\"w-iconbox-meta\"><h3 class=\"w-iconbox-title\" style=\"font-size:1rem;\">Guardi\u00e1n del M365<\/h3><div class=\"w-iconbox-text\"><p>Servicio gestionado premium con planificaci\u00f3n de desarrollo continuo, soporte proactivo y capacitaci\u00f3n incluidos.<\/p>\n<\/div><\/div><\/div><\/div><\/div><\/div><\/div><\/div><\/div><div class=\"wpb_column vc_column_container\"><div class=\"vc_column-inner\"><div class=\"wpb_text_column us_custom_2682162b\"><div class=\"wpb_wrapper\"><h2>\u00bfBeneficios para <span style=\"color: #263570;\">su empresa<\/span>?<\/h2>\n<\/div><\/div><div class=\"wpb_text_column\"><div class=\"wpb_wrapper\"><p style=\"text-align: center;\">Microsoft 365, con la experiencia de Skynova, ofrece beneficios tangibles que impactan directamente en la productividad, la seguridad y el crecimiento de su negocio.<\/p>\n<\/div><\/div><div class=\"g-cols wpb_row via_grid cols_2 laptops-cols_inherit tablets-cols_inherit mobiles-cols_1 valign_top type_default stacking_default\" style=\"--columns-gap:1.5rem;\"><div class=\"wpb_column vc_column_container\"><div class=\"vc_column-inner\"><div class=\"w-vwrapper align_none valign_top\" style=\"--vwrapper-gap:1rem\"><div class=\"w-iconbox us_custom_d4bfa4e7 iconpos_left style_default color_secondary align_left\"><div class=\"w-iconbox-icon\" style=\"font-size:1rem;\"><i class=\"far fa-poll-people\"><\/i><\/div><div class=\"w-iconbox-meta\"><h3 class=\"w-iconbox-title\" style=\"font-size:1rem;\">Mayor productividad para los empleados<\/h3><div class=\"w-iconbox-text\"><p>Herramientas integradas que mejoran la colaboraci\u00f3n y la eficiencia del equipo.<\/p>\n<\/div><\/div><\/div><div class=\"w-iconbox us_custom_d4bfa4e7 iconpos_left style_default color_secondary align_left\"><div class=\"w-iconbox-icon\" style=\"font-size:1rem;\"><i class=\"far fa-shield-alt\"><\/i><\/div><div class=\"w-iconbox-meta\"><h3 class=\"w-iconbox-title\" style=\"font-size:1rem;\">Seguridad avanzada y planificaci\u00f3n estrat\u00e9gica<\/h3><div class=\"w-iconbox-text\"><p>Protecci\u00f3n de datos robusta con evoluci\u00f3n de plataforma estrat\u00e9gica.<\/p>\n<\/div><\/div><\/div><div class=\"w-iconbox us_custom_d4bfa4e7 iconpos_left style_default color_secondary align_left\"><div class=\"w-iconbox-icon\" style=\"font-size:1rem;\"><i class=\"far fa-chart-bar\"><\/i><\/div><div class=\"w-iconbox-meta\"><h3 class=\"w-iconbox-title\" style=\"font-size:1rem;\">Seguimiento personalizado por expertos<\/h3><div class=\"w-iconbox-text\"><p>Soporte dedicado de profesionales certificados por Microsoft para su negocio.<\/p>\n<\/div><\/div><\/div><\/div><\/div><\/div><div class=\"wpb_column vc_column_container\"><div class=\"vc_column-inner\"><div class=\"w-vwrapper align_none valign_top\" style=\"--vwrapper-gap:1rem\"><div class=\"w-iconbox us_custom_d4bfa4e7 iconpos_left style_default color_secondary align_left\"><div class=\"w-iconbox-icon\" style=\"font-size:1rem;\"><i class=\"far fa-user-headset\"><\/i><\/div><div class=\"w-iconbox-meta\"><h3 class=\"w-iconbox-title\" style=\"font-size:1rem;\">Administraci\u00f3n de TI simplificada<\/h3><div class=\"w-iconbox-text\"><p>Gesti\u00f3n centralizada y simplificada de toda la infraestructura de productividad.<\/p>\n<\/div><\/div><\/div><div class=\"w-iconbox us_custom_d4bfa4e7 iconpos_left style_default color_secondary align_left\"><div class=\"w-iconbox-icon\" style=\"font-size:1rem;\"><i class=\"far fa-tachometer-alt-fastest\"><\/i><\/div><div class=\"w-iconbox-meta\"><h3 class=\"w-iconbox-title\" style=\"font-size:1rem;\">Mejor utilizaci\u00f3n y retorno de la inversi\u00f3n en licencias<\/h3><div class=\"w-iconbox-text\"><p>Optimizaci\u00f3n de la inversi\u00f3n en licencias con el m\u00e1ximo aprovechamiento de los recursos.<\/p>\n<\/div><\/div><\/div><div class=\"w-iconbox us_custom_d4bfa4e7 iconpos_left style_default color_secondary align_left\"><div class=\"w-iconbox-icon\" style=\"font-size:1rem;\"><i class=\"far fa-chevron-right\"><\/i><\/div><div class=\"w-iconbox-meta\"><h3 class=\"w-iconbox-title\" style=\"font-size:1rem;\">Automatiza tu negocio<\/h3><div class=\"w-iconbox-text\"><p>Automatizaci\u00f3n inteligente de procesos para una mayor eficiencia operativa.<\/p>\n<\/div><\/div><\/div><\/div><\/div><\/div><\/div><\/div><\/div><div class=\"wpb_column vc_column_container\"><div class=\"vc_column-inner\"><div class=\"wpb_text_column us_custom_2682162b\"><div class=\"wpb_wrapper\"><h2>\u00bfPor qu\u00e9 elegir <span style=\"color: #263570;\">Skynova <\/span>para Microsoft 365?<\/h2>\n<\/div><\/div><\/div><\/div><div class=\"wpb_column vc_column_container\"><div class=\"vc_column-inner\"><div class=\"g-cols wpb_row full-height via_grid cols_2 laptops-cols_inherit tablets-cols_inherit mobiles-cols_1 valign_top type_default stacking_default\" style=\"--columns-gap:1.5rem;\"><div class=\"wpb_column vc_column_container\"><div class=\"vc_column-inner\"><div class=\"w-vwrapper us_custom_e9be95f0 align_none valign_top\" style=\"--vwrapper-gap:0.5rem\"><h3 class=\"w-text us_custom_2e11d5f2 has_text_color background_inside_text\"><span class=\"w-text-h\"><span class=\"w-text-value\">Experiencia comprobada<\/span><\/span><\/h3><div class=\"w-iconbox us_custom_8699e981 iconpos_left style_default color_primary align_left no_text\"><div class=\"w-iconbox-icon\" style=\"font-size:1rem;\"><i class=\"far fa-check-circle\"><\/i><\/div><div class=\"w-iconbox-meta\"><p class=\"w-iconbox-title\" style=\"font-size:1rem;\">M\u00e1s de 13 a\u00f1os de experiencia en soluciones corporativas<\/p><\/div><\/div><div class=\"w-iconbox us_custom_8699e981 iconpos_left style_default color_primary align_left no_text\"><div class=\"w-iconbox-icon\" style=\"font-size:1rem;\"><i class=\"far fa-check-circle\"><\/i><\/div><div class=\"w-iconbox-meta\"><p class=\"w-iconbox-title\" style=\"font-size:1rem;\">10 a\u00f1os como socio certificado de Microsoft<\/p><\/div><\/div><div class=\"w-iconbox us_custom_8699e981 iconpos_left style_default color_primary align_left no_text\"><div class=\"w-iconbox-icon\" style=\"font-size:1rem;\"><i class=\"far fa-check-circle\"><\/i><\/div><div class=\"w-iconbox-meta\"><p class=\"w-iconbox-title\" style=\"font-size:1rem;\">Cientos de implementaciones exitosas<\/p><\/div><\/div><\/div><\/div><\/div><div class=\"wpb_column vc_column_container\"><div class=\"vc_column-inner\"><div class=\"w-vwrapper us_custom_e9be95f0 align_none valign_top\" style=\"--vwrapper-gap:0.5rem\"><h3 class=\"w-text us_custom_2e11d5f2 has_text_color background_inside_text\"><span class=\"w-text-h\"><span class=\"w-text-value\">Soporte especializado<\/span><\/span><\/h3><div class=\"w-iconbox us_custom_8699e981 iconpos_left style_default color_primary align_left no_text\"><div class=\"w-iconbox-icon\" style=\"font-size:1rem;\"><i class=\"far fa-check-circle\"><\/i><\/div><div class=\"w-iconbox-meta\"><p class=\"w-iconbox-title\" style=\"font-size:1rem;\">Equipo t\u00e9cnico certificado por Microsoft<\/p><\/div><\/div><div class=\"w-iconbox us_custom_8699e981 iconpos_left style_default color_primary align_left no_text\"><div class=\"w-iconbox-icon\" style=\"font-size:1rem;\"><i class=\"far fa-check-circle\"><\/i><\/div><div class=\"w-iconbox-meta\"><p class=\"w-iconbox-title\" style=\"font-size:1rem;\">Soporte nacional especializado 24\/7<\/p><\/div><\/div><div class=\"w-iconbox us_custom_8699e981 iconpos_left style_default color_primary align_left no_text\"><div class=\"w-iconbox-icon\" style=\"font-size:1rem;\"><i class=\"far fa-check-circle\"><\/i><\/div><div class=\"w-iconbox-meta\"><p class=\"w-iconbox-title\" style=\"font-size:1rem;\">Monitoreo proactivo y evolutivo<\/p><\/div><\/div><\/div><\/div><\/div><\/div><\/div><\/div><div class=\"wpb_column vc_column_container\"><div class=\"vc_column-inner\"><div class=\"w-vwrapper us_custom_359dace0 align_none valign_top\" style=\"--vwrapper-gap:1rem\"><h3 class=\"w-text us_custom_a396467a has_text_color background_inside_text\"><span class=\"w-text-h\"><span class=\"w-text-value\">Transforme su negocio con Microsoft 365<\/span><\/span><\/h3><div class=\"wpb_text_column us_custom_1c2cd1a9\"><div class=\"wpb_wrapper\"><p>Descubra c\u00f3mo nuestra experiencia puede impulsar su productividad y seguridad corporativa<\/p>\n<\/div><\/div><div class=\"w-hwrapper valign_top stack_on_mobiles align_justify\" style=\"--hwrapper-gap:1.5rem\"><div class=\"w-btn-wrapper align_justify\"><a class=\"w-btn us-btn-style_7 btn-branco\" href=\"https:\/\/skynova.com.br\/es\/servicio\/?f=1#section-forms\"><span class=\"w-btn-label\">Hable con nuestros expertos<\/span><\/a><\/div><\/div><\/div><\/div><\/div><\/div><\/div><\/section><div class=\"wpb_column vc_column_container\"><div class=\"vc_column-inner\"><div class=\"w-vwrapper us_custom_e9be95f0 align_none valign_top\" style=\"--vwrapper-gap:0.5rem\"><\/div><\/div><\/div>\n","protected":false},"excerpt":{"rendered":"","protected":false},"author":5,"featured_media":0,"parent":0,"menu_order":0,"comment_status":"closed","ping_status":"closed","template":"","meta":{"_acf_changed":false,"footnotes":""},"class_list":["post-7094","page","type-page","status-publish","hentry"],"acf":[],"yoast_head":"<!-- This site is optimized with the Yoast SEO plugin v26.8 - https:\/\/yoast.com\/product\/yoast-seo-wordpress\/ -->\n<title>Microsoft 365 - Skynova<\/title>\n<meta name=\"robots\" content=\"index, follow, max-snippet:-1, max-image-preview:large, max-video-preview:-1\" \/>\n<link rel=\"canonical\" href=\"https:\/\/skynova.com.br\/es\/microsoft-365\/\" \/>\n<meta property=\"og:locale\" content=\"es_ES\" \/>\n<meta property=\"og:type\" content=\"article\" \/>\n<meta property=\"og:title\" content=\"Microsoft 365 - Skynova\" \/>\n<meta property=\"og:url\" content=\"https:\/\/skynova.com.br\/es\/microsoft-365\/\" \/>\n<meta property=\"og:site_name\" content=\"Skynova\" \/>\n<meta property=\"article:modified_time\" content=\"2025-09-29T21:04:14+00:00\" \/>\n<meta name=\"twitter:card\" content=\"summary_large_image\" \/>\n<meta name=\"twitter:label1\" content=\"Tiempo de lectura\" \/>\n\t<meta name=\"twitter:data1\" content=\"17 minutos\" \/>\n<script type=\"application\/ld+json\" class=\"yoast-schema-graph\">{\"@context\":\"https:\/\/schema.org\",\"@graph\":[{\"@type\":\"WebPage\",\"@id\":\"https:\/\/skynova.com.br\/es\/microsoft-365\/\",\"url\":\"https:\/\/skynova.com.br\/es\/microsoft-365\/\",\"name\":\"Microsoft 365 - Skynova\",\"isPartOf\":{\"@id\":\"https:\/\/skynova.com.br\/es\/#website\"},\"datePublished\":\"2025-08-11T19:14:09+00:00\",\"dateModified\":\"2025-09-29T21:04:14+00:00\",\"breadcrumb\":{\"@id\":\"https:\/\/skynova.com.br\/es\/microsoft-365\/#breadcrumb\"},\"inLanguage\":\"es\",\"potentialAction\":[{\"@type\":\"ReadAction\",\"target\":[\"https:\/\/skynova.com.br\/es\/microsoft-365\/\"]}]},{\"@type\":\"BreadcrumbList\",\"@id\":\"https:\/\/skynova.com.br\/es\/microsoft-365\/#breadcrumb\",\"itemListElement\":[{\"@type\":\"ListItem\",\"position\":1,\"name\":\"Home\",\"item\":\"https:\/\/skynova.com.br\/es\/home-3\/\"},{\"@type\":\"ListItem\",\"position\":2,\"name\":\"Microsoft 365\"}]},{\"@type\":\"WebSite\",\"@id\":\"https:\/\/skynova.com.br\/es\/#website\",\"url\":\"https:\/\/skynova.com.br\/es\/\",\"name\":\"Skynova\",\"description\":\"Solu\u00e7\u00f5es em nuvem\",\"potentialAction\":[{\"@type\":\"SearchAction\",\"target\":{\"@type\":\"EntryPoint\",\"urlTemplate\":\"https:\/\/skynova.com.br\/es\/?s={search_term_string}\"},\"query-input\":{\"@type\":\"PropertyValueSpecification\",\"valueRequired\":true,\"valueName\":\"search_term_string\"}}],\"inLanguage\":\"es\"}]}<\/script>\n<!-- \/ Yoast SEO plugin. -->","yoast_head_json":{"title":"Microsoft 365 - Skynova","robots":{"index":"index","follow":"follow","max-snippet":"max-snippet:-1","max-image-preview":"max-image-preview:large","max-video-preview":"max-video-preview:-1"},"canonical":"https:\/\/skynova.com.br\/es\/microsoft-365\/","og_locale":"es_ES","og_type":"article","og_title":"Microsoft 365 - Skynova","og_url":"https:\/\/skynova.com.br\/es\/microsoft-365\/","og_site_name":"Skynova","article_modified_time":"2025-09-29T21:04:14+00:00","twitter_card":"summary_large_image","twitter_misc":{"Tiempo de lectura":"17 minutos"},"schema":{"@context":"https:\/\/schema.org","@graph":[{"@type":"WebPage","@id":"https:\/\/skynova.com.br\/es\/microsoft-365\/","url":"https:\/\/skynova.com.br\/es\/microsoft-365\/","name":"Microsoft 365 - Skynova","isPartOf":{"@id":"https:\/\/skynova.com.br\/es\/#website"},"datePublished":"2025-08-11T19:14:09+00:00","dateModified":"2025-09-29T21:04:14+00:00","breadcrumb":{"@id":"https:\/\/skynova.com.br\/es\/microsoft-365\/#breadcrumb"},"inLanguage":"es","potentialAction":[{"@type":"ReadAction","target":["https:\/\/skynova.com.br\/es\/microsoft-365\/"]}]},{"@type":"BreadcrumbList","@id":"https:\/\/skynova.com.br\/es\/microsoft-365\/#breadcrumb","itemListElement":[{"@type":"ListItem","position":1,"name":"Home","item":"https:\/\/skynova.com.br\/es\/home-3\/"},{"@type":"ListItem","position":2,"name":"Microsoft 365"}]},{"@type":"WebSite","@id":"https:\/\/skynova.com.br\/es\/#website","url":"https:\/\/skynova.com.br\/es\/","name":"Skynova","description":"Solu\u00e7\u00f5es em nuvem","potentialAction":[{"@type":"SearchAction","target":{"@type":"EntryPoint","urlTemplate":"https:\/\/skynova.com.br\/es\/?s={search_term_string}"},"query-input":{"@type":"PropertyValueSpecification","valueRequired":true,"valueName":"search_term_string"}}],"inLanguage":"es"}]}},"_links":{"self":[{"href":"https:\/\/skynova.com.br\/es\/wp-json\/wp\/v2\/pages\/7094","targetHints":{"allow":["GET"]}}],"collection":[{"href":"https:\/\/skynova.com.br\/es\/wp-json\/wp\/v2\/pages"}],"about":[{"href":"https:\/\/skynova.com.br\/es\/wp-json\/wp\/v2\/types\/page"}],"author":[{"embeddable":true,"href":"https:\/\/skynova.com.br\/es\/wp-json\/wp\/v2\/users\/5"}],"replies":[{"embeddable":true,"href":"https:\/\/skynova.com.br\/es\/wp-json\/wp\/v2\/comments?post=7094"}],"version-history":[{"count":8,"href":"https:\/\/skynova.com.br\/es\/wp-json\/wp\/v2\/pages\/7094\/revisions"}],"predecessor-version":[{"id":7784,"href":"https:\/\/skynova.com.br\/es\/wp-json\/wp\/v2\/pages\/7094\/revisions\/7784"}],"wp:attachment":[{"href":"https:\/\/skynova.com.br\/es\/wp-json\/wp\/v2\/media?parent=7094"}],"curies":[{"name":"wp","href":"https:\/\/api.w.org\/{rel}","templated":true}]}}