{"id":7111,"date":"2025-08-04T12:48:00","date_gmt":"2025-08-04T15:48:00","guid":{"rendered":"https:\/\/skynova.com.br\/servicio-de-copiado\/"},"modified":"2025-09-12T13:47:44","modified_gmt":"2025-09-12T16:47:44","slug":"servicio-de-copiado","status":"publish","type":"page","link":"https:\/\/skynova.com.br\/es\/servicio-de-copiado\/","title":{"rendered":"Servicio de copiado"},"content":{"rendered":"<section class=\"l-section wpb_row us_custom_2fb2feaa height_auto\"><div class=\"l-section-h i-cf\"><div class=\"g-cols vc_row via_grid cols_1 laptops-cols_inherit tablets-cols_inherit mobiles-cols_1 valign_top type_default stacking_default\"><div class=\"wpb_column vc_column_container\"><div class=\"vc_column-inner\"><div class=\"g-cols wpb_row via_grid cols_2-3 laptops-cols_inherit tablets-cols_inherit mobiles-cols_1 valign_middle type_default stacking_default\" style=\"--columns-gap:1.5rem;\"><div class=\"wpb_column vc_column_container\"><div class=\"vc_column-inner\"><div class=\"wpb_text_column\"><div class=\"wpb_wrapper\"><h1>Servicio al Cliente<br \/>\n<span style=\"color: #263570;\">Cont\u00e1ctenos<\/span><\/h1>\n<\/div><\/div><div class=\"wpb_text_column\"><div class=\"wpb_wrapper\"><p>Estamos aqu\u00ed para ayudarle de la mejor manera posible.<\/p>\n<\/div><\/div><\/div><\/div><div class=\"wpb_column vc_column_container\"><div class=\"vc_column-inner\"><div class=\"w-image align_center\"><div class=\"w-image-h\"><img decoding=\"async\" width=\"549\" height=\"388\" src=\"https:\/\/skynova.com.br\/wp-content\/uploads\/2025\/06\/img-grafico-banner-home.png\" class=\"attachment-full size-full\" alt=\"\" loading=\"lazy\" srcset=\"https:\/\/skynova.com.br\/wp-content\/uploads\/2025\/06\/img-grafico-banner-home.png 549w, https:\/\/skynova.com.br\/wp-content\/uploads\/2025\/06\/img-grafico-banner-home-300x212.png 300w\" sizes=\"auto, (max-width: 549px) 100vw, 549px\" \/><\/div><\/div><\/div><\/div><\/div><\/div><\/div><\/div><\/div><\/section><section class=\"l-section wpb_row us_custom_520b1cbb height_auto\"><div class=\"l-section-h i-cf\"><div class=\"g-cols vc_row via_grid cols_2 laptops-cols_inherit tablets-cols_inherit mobiles-cols_1 valign_middle type_default reversed stacking_default\"><div class=\"wpb_column vc_column_container us_custom_3bcb93fd has_bg_color\"><div class=\"vc_column-inner\"><\/div><\/div><div class=\"wpb_column vc_column_container\"><div class=\"vc_column-inner\"><div class=\"wpb_text_column us_custom_f2eec366\"><div class=\"wpb_wrapper\"><h2 class=\"text-3xl font-bold text-gray-900 mb-6\">El servicio es <span style=\"color: #263570;\">nuestra prioridad<\/span><\/h2>\n<\/div><\/div><div class=\"wpb_text_column us_custom_1b04de86\"><div class=\"wpb_wrapper\"><p class=\"text-lg text-gray-600 leading-relaxed max-w-3xl mx-auto\">En Skynova, creemos que un servicio excelente es esencial para el \u00e9xito de nuestros clientes. Nuestro equipo est\u00e1 siempre disponible para ofrecer soporte t\u00e9cnico, responder preguntas financieras y ayudarlo con sus decisiones de compra. Elige la opci\u00f3n que m\u00e1s se adapte a tus necesidades y cont\u00e1ctanos ahora.<\/p>\n<\/div><\/div><\/div><\/div><\/div><\/div><\/section><section class=\"l-section wpb_row us_custom_5b80ec80 height_auto\" id=\"section-forms\"><div class=\"l-section-h i-cf\"><div class=\"g-cols vc_row via_grid cols_custom laptops-cols_inherit tablets-cols_inherit mobiles-cols_1 valign_top type_default stacking_default\" style=\"--columns-gap:0rem;--custom-columns:1fr 4fr 1fr \"><div class=\"wpb_column vc_column_container\"><div class=\"vc_column-inner\"><\/div><\/div><div class=\"wpb_column vc_column_container\"><div class=\"vc_column-inner\"><div class=\"wpb_text_column us_custom_eb849559\"><div class=\"wpb_wrapper\"><h2 class=\"text-3xl font-bold text-gray-900 mb-12 text-center\">Nuestros canales de <span style=\"color: #263570;\">servicio<\/span><\/h2>\n<\/div><\/div><div class=\"w-tabs layout_hor style_radio3 switch_click\" style=\"--sections-title-size:1em\"><div class=\"w-tabs-list items_3 align_justify\" style=\"font-weight:500;\"><div class=\"w-tabs-list-h\"><button class=\"w-tabs-item active defined-active\" aria-controls=\"content-n492\" aria-expanded=\"true\"><span class=\"w-tabs-item-title\">Centro de ventas<\/span><\/button><button class=\"w-tabs-item\" aria-controls=\"content-ofe9\" aria-expanded=\"false\"><span class=\"w-tabs-item-title\">Apoyo t\u00e9cnico<\/span><\/button><button class=\"w-tabs-item\" aria-controls=\"content-t41e\" aria-expanded=\"false\"><span class=\"w-tabs-item-title\">Cobranza \/ Finanzas<\/span><\/button><\/div><\/div><div class=\"w-tabs-sections titles-align_center icon_chevron cpos_right\"><div class=\"w-tabs-section active\" id=\"n492\"><button class=\"w-tabs-section-header active\" aria-controls=\"content-n492\" aria-expanded=\"true\"><div class=\"w-tabs-section-title\">Centro de ventas<\/div><div class=\"w-tabs-section-control\"><\/div><\/button><div  class=\"w-tabs-section-content\" id=\"content-n492\"><div class=\"w-tabs-section-content-h i-cf\"><div class=\"wpb_text_column\"><div class=\"wpb_wrapper\"><p>Habla con uno de nuestros expertos para conocer nuestras soluciones y encontrar la ideal para ti.<\/p>\n<\/div><\/div><div class=\"g-cols wpb_row us_custom_e8ec280b via_grid cols_1 laptops-cols_inherit tablets-cols_inherit mobiles-cols_1 valign_top type_default stacking_default\" style=\"--columns-gap:3rem;\"><div class=\"wpb_column vc_column_container\"><div class=\"vc_column-inner\"><h3 class=\"w-text us_custom_9253224c has_text_color background_inside_text\"><span class=\"w-text-h\"><span class=\"w-text-value\">Centro de ventas<\/span><\/span><\/h3><div class=\"w-html\"><div role=\"main\" id=\"7th-form-para-contato-skynova-275b601ca10e97c30d69\"><\/div><script type=\"text\/javascript\" src=\"https:\/\/d335luupugsy2.cloudfront.net\/js\/rdstation-forms\/stable\/rdstation-forms.min.js\"><\/script><script type=\"text\/javascript\"> new RDStationForms('7th-form-para-contato-skynova-275b601ca10e97c30d69', 'UA-39395994-1').createForm();<\/script>\n<\/div><div class=\"w-html\"><style>.w-form .w-form-row-label {\n\t\tcolor: var(--color-content-primary);\n\t}\n<\/style><\/div><\/div><\/div><\/div><\/div><\/div><\/div><div class=\"w-tabs-section\" id=\"ofe9\"><button class=\"w-tabs-section-header\" aria-controls=\"content-ofe9\" aria-expanded=\"false\"><div class=\"w-tabs-section-title\">Apoyo t\u00e9cnico<\/div><div class=\"w-tabs-section-control\"><\/div><\/button><div  class=\"w-tabs-section-content\" id=\"content-ofe9\"><div class=\"w-tabs-section-content-h i-cf\"><div class=\"wpb_text_column\"><div class=\"wpb_wrapper\"><p>Soporte especializado para resolver problemas t\u00e9cnicos y garantizar el perfecto funcionamiento de sus servicios.<\/p>\n<\/div><\/div><div class=\"w-hwrapper us_custom_92b2762d valign_top align_center\" style=\"--hwrapper-gap:1.5rem\"><div class=\"w-btn-wrapper align_center\"><a class=\"w-btn us-btn-style_2 btn-outline-azul\" target=\"_blank\" rel=\"nofollow\" href=\"https:\/\/suporte.skymail.com.br\/\"><span class=\"w-btn-label\">Centro de ayuda<\/span><\/a><\/div><\/div><div class=\"g-cols wpb_row us_custom_e8ec280b via_grid cols_1 laptops-cols_inherit tablets-cols_inherit mobiles-cols_1 valign_top type_default stacking_default\" style=\"--columns-gap:3rem;\"><div class=\"wpb_column vc_column_container\"><div class=\"vc_column-inner\"><h3 class=\"w-text us_custom_9253224c has_text_color background_inside_text\"><span class=\"w-text-h\"><span class=\"w-text-value\">Apoyo t\u00e9cnico<\/span><\/span><\/h3><form class=\"w-form  us-field-style_1 layout_ver show_message_after_sending for_cform us_form_1\" action=\"https:\/\/skynova.com.br\/es\/wp-json\/wp\/v2\/pages\/7111\" method=\"post\" id=\"form-suporte\"><div class=\"w-form-h\"><div class=\"w-form-row for_text has_label required\">\r\n\t\t\t<div class=\"w-form-row-label\">\r\n\t\t\t<span>Nombre y apellido *<\/span>\r\n\t\t<\/div>\r\n\t\t<div class=\"w-form-row-field\">\r\n\t\t\t\t\t\t<input aria-label=\"Nombre y apellido\" type=\"text\" name=\"us_form_1_text_1\" value placeholder=\"Ingrese su nombre completo\" data-required=\"true\" aria-required=\"true\"\/>\r\n\t\t\t<\/div>\r\n\t\t<div class=\"w-form-row-state\">Rellena este campo<\/div>\r\n<\/div>\r\n<div class=\"w-form-row for_email has_label required\">\r\n\t\t\t<div class=\"w-form-row-label\">\r\n\t\t\t<span>Correo electr\u00f3nico *<\/span>\r\n\t\t<\/div>\r\n\t\t<div class=\"w-form-row-field\">\r\n\t\t\t\t\t\t<input aria-label=\"Correo electr\u00f3nico\" type=\"email\" name=\"us_form_1_email_1\" value placeholder=\"tu.email@gmail.com\" data-required=\"true\" aria-required=\"true\"\/>\r\n\t\t\t<\/div>\r\n\t\t<div class=\"w-form-row-state\">Por favor, introduce una direcci\u00f3n de correo electr\u00f3nico v\u00e1lida.<\/div>\r\n<\/div>\r\n<div class=\"w-form-row for_text has_label required\">\r\n\t\t\t<div class=\"w-form-row-label\">\r\n\t\t\t<span>Tel\u00e9fono *<\/span>\r\n\t\t<\/div>\r\n\t\t<div class=\"w-form-row-field\">\r\n\t\t\t\t\t\t<input aria-label=\"Tel\u00e9fono\" inputmode=\"tel\" type=\"text\" name=\"us_form_1_text_2\" value placeholder=\"(11) 99999-9999\" data-required=\"true\" aria-required=\"true\"\/>\r\n\t\t\t<\/div>\r\n\t\t<div class=\"w-form-row-state\">Rellena este campo<\/div>\r\n<\/div>\r\n<div class=\"w-form-row for_text has_label required\">\r\n\t\t\t<div class=\"w-form-row-label\">\r\n\t\t\t<span>Tel\u00e9fono *<\/span>\r\n\t\t<\/div>\r\n\t\t<div class=\"w-form-row-field\">\r\n\t\t\t\t\t\t<input aria-label=\"Tel\u00e9fono\" type=\"text\" name=\"us_form_1_text_3\" value placeholder=\"El nombre de su empresa\" data-required=\"true\" aria-required=\"true\"\/>\r\n\t\t\t<\/div>\r\n\t\t<div class=\"w-form-row-state\">Rellena este campo<\/div>\r\n<\/div>\r\n<div class=\"w-form-row for_text has_label required\">\r\n\t\t\t<div class=\"w-form-row-label\">\r\n\t\t\t<span>Cliente *<\/span>\r\n\t\t<\/div>\r\n\t\t<div class=\"w-form-row-field\">\r\n\t\t\t\t\t\t<input aria-label=\"Cliente\" type=\"text\" name=\"us_form_1_text_4\" value placeholder=\"C\u00f3digo de cliente, CNPJ o dominio\" data-required=\"true\" aria-required=\"true\"\/>\r\n\t\t\t<\/div>\r\n\t\t<div class=\"w-form-row-state\">Rellena este campo<\/div>\r\n<\/div>\r\n<div class=\"w-form-row for_textarea has_label required\">\r\n\t\t\t<div class=\"w-form-row-label\">\r\n\t\t\t<span>Pedido *<\/span>\r\n\t\t<\/div>\r\n\t\t<div class=\"w-form-row-field\">\r\n\t\t\t\t\t\t<textarea aria-label=\"Pedido\" name=\"us_form_1_textarea_1\" placeholder=\"Describe tu solicitud o pregunta...\" data-required=\"true\" aria-required=\"true\"><\/textarea>\r\n\t\t\t<\/div>\r\n\t\t<div class=\"w-form-row-state\">Rellena este campo<\/div>\r\n<\/div>\r\n<input type=\"hidden\" name=\"action\" value=\"us_ajax_cform\" \/>\r\n<input type=\"hidden\" name=\"post_id\" value=\"0\" \/>\r\n<input type=\"hidden\" name=\"form_index\" value=\"1\" \/>\r\n<div class=\"w-form-row for_submit align_justify\">\r\n\t<button class=\"w-btn  us-btn-style_1 btn-azul\" aria-label=\"Enviar solicitud\" type=\"submit\">\r\n\t\t<span class=\"g-preloader type_1\"><\/span>\r\n\t\t\t\t<span class=\"w-btn-label\">Enviar solicitud<\/span>\r\n\t\t\t<\/button>\r\n\t<\/div>\r\n<\/div><div class=\"w-form-message\"><\/div><div class=\"w-form-json hidden\" onclick='return {&quot;ajaxurl&quot;:&quot;https:\\\/\\\/skynova.com.br\\\/wp-admin\\\/admin-ajax.php&quot;,&quot;messages&quot;:{&quot;err_empty&quot;:&quot;Rellena este campo&quot;,&quot;err_size&quot;:&quot;El tama\\u00f1o del archivo no puede exceder %s MB&quot;,&quot;err_extension&quot;:&quot;El tipo de archivo %s no est\\u00e1 permitido&quot;,&quot;err_recaptcha_keys&quot;:&quot;Las claves de reCAPTCHA son incorrectas&quot;}}'><\/div><\/form><div class=\"w-html\"><style>.w-form .w-form-row-label {\n\t\tcolor: var(--color-content-primary);\n\t}\n<\/style><\/div><\/div><\/div><\/div><\/div><\/div><\/div><div class=\"w-tabs-section\" id=\"t41e\"><button class=\"w-tabs-section-header\" aria-controls=\"content-t41e\" aria-expanded=\"false\"><div class=\"w-tabs-section-title\">Cobranza \/ Finanzas<\/div><div class=\"w-tabs-section-control\"><\/div><\/button><div  class=\"w-tabs-section-content\" id=\"content-t41e\"><div class=\"w-tabs-section-content-h i-cf\"><div class=\"wpb_text_column\"><div class=\"wpb_wrapper\"><p>Aclaraciones sobre facturas, formas de pago y temas financieros.<\/p>\n<\/div><\/div><div class=\"g-cols wpb_row us_custom_e8ec280b via_grid cols_1 laptops-cols_inherit tablets-cols_inherit mobiles-cols_1 valign_top type_default stacking_default\" style=\"--columns-gap:3rem;\"><div class=\"wpb_column vc_column_container\"><div class=\"vc_column-inner\"><h3 class=\"w-text us_custom_9253224c has_text_color background_inside_text\"><span class=\"w-text-h\"><span class=\"w-text-value\">Cobranza \/ Finanzas<\/span><\/span><\/h3><form class=\"w-form  us-field-style_1 layout_ver show_message_after_sending for_cform us_form_2\" action=\"https:\/\/skynova.com.br\/es\/wp-json\/wp\/v2\/pages\/7111\" method=\"post\" id=\"form-financeiro\"><div class=\"w-form-h\"><div class=\"w-form-row for_text has_label required\">\r\n\t\t\t<div class=\"w-form-row-label\">\r\n\t\t\t<span>Nombre y apellido *<\/span>\r\n\t\t<\/div>\r\n\t\t<div class=\"w-form-row-field\">\r\n\t\t\t\t\t\t<input aria-label=\"Nombre y apellido\" type=\"text\" name=\"us_form_2_text_1\" value placeholder=\"Ingrese su nombre completo\" data-required=\"true\" aria-required=\"true\"\/>\r\n\t\t\t<\/div>\r\n\t\t<div class=\"w-form-row-state\">Rellena este campo<\/div>\r\n<\/div>\r\n<div class=\"w-form-row for_email has_label required\">\r\n\t\t\t<div class=\"w-form-row-label\">\r\n\t\t\t<span>Correo electr\u00f3nico *<\/span>\r\n\t\t<\/div>\r\n\t\t<div class=\"w-form-row-field\">\r\n\t\t\t\t\t\t<input aria-label=\"Correo electr\u00f3nico\" type=\"email\" name=\"us_form_2_email_1\" value placeholder=\"tu.email@gmail.com\" data-required=\"true\" aria-required=\"true\"\/>\r\n\t\t\t<\/div>\r\n\t\t<div class=\"w-form-row-state\">Por favor, introduce una direcci\u00f3n de correo electr\u00f3nico v\u00e1lida.<\/div>\r\n<\/div>\r\n<div class=\"w-form-row for_text has_label required\">\r\n\t\t\t<div class=\"w-form-row-label\">\r\n\t\t\t<span>Tel\u00e9fono *<\/span>\r\n\t\t<\/div>\r\n\t\t<div class=\"w-form-row-field\">\r\n\t\t\t\t\t\t<input aria-label=\"Tel\u00e9fono\" inputmode=\"tel\" type=\"text\" name=\"us_form_2_text_2\" value placeholder=\"(11) 99999-9999\" data-required=\"true\" aria-required=\"true\"\/>\r\n\t\t\t<\/div>\r\n\t\t<div class=\"w-form-row-state\">Rellena este campo<\/div>\r\n<\/div>\r\n<div class=\"w-form-row for_text has_label required\">\r\n\t\t\t<div class=\"w-form-row-label\">\r\n\t\t\t<span>Tel\u00e9fono *<\/span>\r\n\t\t<\/div>\r\n\t\t<div class=\"w-form-row-field\">\r\n\t\t\t\t\t\t<input aria-label=\"Tel\u00e9fono\" type=\"text\" name=\"us_form_2_text_3\" value placeholder=\"El nombre de su empresa\" data-required=\"true\" aria-required=\"true\"\/>\r\n\t\t\t<\/div>\r\n\t\t<div class=\"w-form-row-state\">Rellena este campo<\/div>\r\n<\/div>\r\n<div class=\"w-form-row for_select has_label required\">\r\n\t\t\t<div class=\"w-form-row-label\">\r\n\t\t\t<span>Tipo de cliente *<\/span>\r\n\t\t<\/div>\r\n\t\t<div class=\"w-form-row-field\">\r\n\t\t\t\t\t\t<select aria-label=\"Tipo de cliente\" data-required=\"true\" aria-required=\"true\" name=\"us_form_2_select_1\">\r\n\t\t\t<option value=\"Seleccione una opci\u00f3n\">Seleccione una opci\u00f3n<\/option><option value=\"Soy cliente\">Soy cliente<\/option><option value=\"No soy cliente\">No soy cliente<\/option>\t\t<\/select>\r\n\t\t\t<\/div>\r\n\t\t<div class=\"w-form-row-state\">Selecciona una opci\u00f3n<\/div>\r\n<\/div>\r\n<div class=\"w-form-row for_text has_label\">\r\n\t\t\t<div class=\"w-form-row-label\">\r\n\t\t\t<span>CPF \/ CNPJ<\/span>\r\n\t\t<\/div>\r\n\t\t<div class=\"w-form-row-field\">\r\n\t\t\t\t\t\t<input aria-label=\"CPF \/ CNPJ\" type=\"text\" name=\"us_form_2_text_4\" value placeholder=\"Ingrese su n\u00famero CPF o CNPJ.\"\/>\r\n\t\t\t<\/div>\r\n\t\t<div class=\"w-form-row-state\">Rellena este campo<\/div>\r\n<\/div>\r\n<div class=\"w-form-row for_textarea has_label required\">\r\n\t\t\t<div class=\"w-form-row-label\">\r\n\t\t\t<span>Pedido *<\/span>\r\n\t\t<\/div>\r\n\t\t<div class=\"w-form-row-field\">\r\n\t\t\t\t\t\t<textarea aria-label=\"Pedido\" name=\"us_form_2_textarea_1\" placeholder=\"Describe tu solicitud o pregunta...\" data-required=\"true\" aria-required=\"true\"><\/textarea>\r\n\t\t\t<\/div>\r\n\t\t<div class=\"w-form-row-state\">Rellena este campo<\/div>\r\n<\/div>\r\n<input type=\"hidden\" name=\"action\" value=\"us_ajax_cform\" \/>\r\n<input type=\"hidden\" name=\"post_id\" value=\"0\" \/>\r\n<input type=\"hidden\" name=\"form_index\" value=\"2\" \/>\r\n<div class=\"w-form-row for_submit align_justify\">\r\n\t<button class=\"w-btn  us-btn-style_1 btn-azul\" aria-label=\"Enviar solicitud\" type=\"submit\">\r\n\t\t<span class=\"g-preloader type_1\"><\/span>\r\n\t\t\t\t<span class=\"w-btn-label\">Enviar solicitud<\/span>\r\n\t\t\t<\/button>\r\n\t<\/div>\r\n<\/div><div class=\"w-form-message\"><\/div><div class=\"w-form-json hidden\" onclick='return {&quot;ajaxurl&quot;:&quot;https:\\\/\\\/skynova.com.br\\\/wp-admin\\\/admin-ajax.php&quot;,&quot;messages&quot;:{&quot;err_empty&quot;:&quot;Rellena este campo&quot;,&quot;err_size&quot;:&quot;El tama\\u00f1o del archivo no puede exceder %s MB&quot;,&quot;err_extension&quot;:&quot;El tipo de archivo %s no est\\u00e1 permitido&quot;,&quot;err_recaptcha_keys&quot;:&quot;Las claves de reCAPTCHA son incorrectas&quot;}}'><\/div><\/form><div class=\"w-html\"><style>\n\t.w-form .w-form-row-label {\n\t\tcolor: var(--color-content-primary);\n\t}\n<\/style>\n<script>\n\twindow.addEventListener('load', function(){\n\t\t(function($) {\n\t\t\t$('#form-financeiro input[name=\"us_form_3_text_4\"]').parent().parent().hide();\n\t\t\t$('#form-financeiro select[name=\"us_form_3_select_1\"]').change(function(){\n\t\t\t\tif ($(this).val() == \"Sou cliente\") {\n\t\t\t\t\t$('#form-financeiro input[name=\"us_form_3_text_4\"]').parent().parent().show();\n\t\t\t\t} else {\n\t\t\t\t\t$('#form-financeiro input[name=\"us_form_3_text_4\"]').parent().parent().hide();\n\t\t\t\t}\n\t\t\t});\n\t\t})(jQuery);\n\t});\n<\/script><\/div><\/div><\/div><\/div><\/div><\/div><\/div><\/div><\/div><div class=\"w-html\"><script>window.addEventListener('load', function(){\n        (function($) {\n        \tsetTimeout(function(){\n        \t\tlet params = new URLSearchParams(document.location.search);\n\t\t\t\tlet form = parseInt(params.get(\"f\"), 10);\n\n\t\t\t\tif (form) {\n\t\t\t\t\t$('#section-forms .w-tabs-list button').eq(form - 1).click();\n\t\t\t\t}\n        \t}, 100);\n\t\t})(jQuery);\n    });\n<\/script><\/div><\/div><\/div><div class=\"wpb_column vc_column_container\"><div class=\"vc_column-inner\"><\/div><\/div><\/div><\/div><\/section><section class=\"l-section wpb_row us_custom_520b1cbb height_auto\"><div class=\"l-section-h i-cf\"><div class=\"g-cols vc_row via_grid cols_1 laptops-cols_inherit tablets-cols_inherit mobiles-cols_1 valign_top type_default stacking_default\"><div class=\"wpb_column vc_column_container\"><div class=\"vc_column-inner\"><div class=\"w-vwrapper us_custom_359dace0 align_none valign_top\" style=\"--vwrapper-gap:1rem\"><h3 class=\"w-text us_custom_a396467a has_text_color background_inside_text\"><span class=\"w-text-h\"><span class=\"w-text-value\">Comprometidos con su satisfacci\u00f3n<\/span><\/span><\/h3><div class=\"wpb_text_column us_custom_a1f0eae0\"><div class=\"wpb_wrapper\"><p class=\"text-lg text-gray-600 leading-relaxed\">Nuestra misi\u00f3n es brindar la mejor experiencia de computaci\u00f3n en la nube, y eso incluye un servicio excepcional en todo momento. Cualquiera que sea su necesidad, estamos listos para ayudarle con rapidez, eficacia y cordialidad.<\/p>\n<\/div><\/div><\/div><\/div><\/div><\/div><\/div><\/section>\n","protected":false},"excerpt":{"rendered":"","protected":false},"author":4,"featured_media":0,"parent":0,"menu_order":0,"comment_status":"closed","ping_status":"closed","template":"","meta":{"_acf_changed":false,"footnotes":""},"class_list":["post-7111","page","type-page","status-publish","hentry"],"acf":[],"yoast_head":"<!-- This site is optimized with the Yoast SEO plugin v26.8 - https:\/\/yoast.com\/product\/yoast-seo-wordpress\/ -->\n<title>Servicio de copiado - Skynova<\/title>\n<meta name=\"robots\" content=\"index, follow, max-snippet:-1, max-image-preview:large, max-video-preview:-1\" \/>\n<link rel=\"canonical\" href=\"https:\/\/skynova.com.br\/es\/servicio-de-copiado\/\" \/>\n<meta property=\"og:locale\" content=\"es_ES\" \/>\n<meta property=\"og:type\" content=\"article\" \/>\n<meta property=\"og:title\" content=\"Servicio de copiado - Skynova\" \/>\n<meta property=\"og:url\" content=\"https:\/\/skynova.com.br\/es\/servicio-de-copiado\/\" \/>\n<meta property=\"og:site_name\" content=\"Skynova\" \/>\n<meta property=\"article:modified_time\" content=\"2025-09-12T16:47:44+00:00\" \/>\n<meta name=\"twitter:card\" content=\"summary_large_image\" \/>\n<meta name=\"twitter:label1\" content=\"Tiempo de lectura\" \/>\n\t<meta name=\"twitter:data1\" content=\"12 minutos\" \/>\n<script type=\"application\/ld+json\" class=\"yoast-schema-graph\">{\"@context\":\"https:\/\/schema.org\",\"@graph\":[{\"@type\":\"WebPage\",\"@id\":\"https:\/\/skynova.com.br\/es\/servicio-de-copiado\/\",\"url\":\"https:\/\/skynova.com.br\/es\/servicio-de-copiado\/\",\"name\":\"Servicio de copiado - Skynova\",\"isPartOf\":{\"@id\":\"https:\/\/skynova.com.br\/es\/#website\"},\"datePublished\":\"2025-08-04T15:48:00+00:00\",\"dateModified\":\"2025-09-12T16:47:44+00:00\",\"breadcrumb\":{\"@id\":\"https:\/\/skynova.com.br\/es\/servicio-de-copiado\/#breadcrumb\"},\"inLanguage\":\"es\",\"potentialAction\":[{\"@type\":\"ReadAction\",\"target\":[\"https:\/\/skynova.com.br\/es\/servicio-de-copiado\/\"]}]},{\"@type\":\"BreadcrumbList\",\"@id\":\"https:\/\/skynova.com.br\/es\/servicio-de-copiado\/#breadcrumb\",\"itemListElement\":[{\"@type\":\"ListItem\",\"position\":1,\"name\":\"Home\",\"item\":\"https:\/\/skynova.com.br\/es\/home-3\/\"},{\"@type\":\"ListItem\",\"position\":2,\"name\":\"Servicio de copiado\"}]},{\"@type\":\"WebSite\",\"@id\":\"https:\/\/skynova.com.br\/es\/#website\",\"url\":\"https:\/\/skynova.com.br\/es\/\",\"name\":\"Skynova\",\"description\":\"Solu\u00e7\u00f5es em nuvem\",\"potentialAction\":[{\"@type\":\"SearchAction\",\"target\":{\"@type\":\"EntryPoint\",\"urlTemplate\":\"https:\/\/skynova.com.br\/es\/?s={search_term_string}\"},\"query-input\":{\"@type\":\"PropertyValueSpecification\",\"valueRequired\":true,\"valueName\":\"search_term_string\"}}],\"inLanguage\":\"es\"}]}<\/script>\n<!-- \/ Yoast SEO plugin. -->","yoast_head_json":{"title":"Servicio de copiado - Skynova","robots":{"index":"index","follow":"follow","max-snippet":"max-snippet:-1","max-image-preview":"max-image-preview:large","max-video-preview":"max-video-preview:-1"},"canonical":"https:\/\/skynova.com.br\/es\/servicio-de-copiado\/","og_locale":"es_ES","og_type":"article","og_title":"Servicio de copiado - Skynova","og_url":"https:\/\/skynova.com.br\/es\/servicio-de-copiado\/","og_site_name":"Skynova","article_modified_time":"2025-09-12T16:47:44+00:00","twitter_card":"summary_large_image","twitter_misc":{"Tiempo de lectura":"12 minutos"},"schema":{"@context":"https:\/\/schema.org","@graph":[{"@type":"WebPage","@id":"https:\/\/skynova.com.br\/es\/servicio-de-copiado\/","url":"https:\/\/skynova.com.br\/es\/servicio-de-copiado\/","name":"Servicio de copiado - Skynova","isPartOf":{"@id":"https:\/\/skynova.com.br\/es\/#website"},"datePublished":"2025-08-04T15:48:00+00:00","dateModified":"2025-09-12T16:47:44+00:00","breadcrumb":{"@id":"https:\/\/skynova.com.br\/es\/servicio-de-copiado\/#breadcrumb"},"inLanguage":"es","potentialAction":[{"@type":"ReadAction","target":["https:\/\/skynova.com.br\/es\/servicio-de-copiado\/"]}]},{"@type":"BreadcrumbList","@id":"https:\/\/skynova.com.br\/es\/servicio-de-copiado\/#breadcrumb","itemListElement":[{"@type":"ListItem","position":1,"name":"Home","item":"https:\/\/skynova.com.br\/es\/home-3\/"},{"@type":"ListItem","position":2,"name":"Servicio de copiado"}]},{"@type":"WebSite","@id":"https:\/\/skynova.com.br\/es\/#website","url":"https:\/\/skynova.com.br\/es\/","name":"Skynova","description":"Solu\u00e7\u00f5es em nuvem","potentialAction":[{"@type":"SearchAction","target":{"@type":"EntryPoint","urlTemplate":"https:\/\/skynova.com.br\/es\/?s={search_term_string}"},"query-input":{"@type":"PropertyValueSpecification","valueRequired":true,"valueName":"search_term_string"}}],"inLanguage":"es"}]}},"_links":{"self":[{"href":"https:\/\/skynova.com.br\/es\/wp-json\/wp\/v2\/pages\/7111","targetHints":{"allow":["GET"]}}],"collection":[{"href":"https:\/\/skynova.com.br\/es\/wp-json\/wp\/v2\/pages"}],"about":[{"href":"https:\/\/skynova.com.br\/es\/wp-json\/wp\/v2\/types\/page"}],"author":[{"embeddable":true,"href":"https:\/\/skynova.com.br\/es\/wp-json\/wp\/v2\/users\/4"}],"replies":[{"embeddable":true,"href":"https:\/\/skynova.com.br\/es\/wp-json\/wp\/v2\/comments?post=7111"}],"version-history":[{"count":4,"href":"https:\/\/skynova.com.br\/es\/wp-json\/wp\/v2\/pages\/7111\/revisions"}],"predecessor-version":[{"id":7116,"href":"https:\/\/skynova.com.br\/es\/wp-json\/wp\/v2\/pages\/7111\/revisions\/7116"}],"wp:attachment":[{"href":"https:\/\/skynova.com.br\/es\/wp-json\/wp\/v2\/media?parent=7111"}],"curies":[{"name":"wp","href":"https:\/\/api.w.org\/{rel}","templated":true}]}}